{"id":117161,"date":"2017-12-22T15:01:07","date_gmt":"2017-12-22T14:01:07","guid":{"rendered":"https:\/\/www.mediatoon-foreignrights.com\/?page_id=117161"},"modified":"2018-02-23T14:47:48","modified_gmt":"2018-02-23T13:47:48","slug":"plan-du-site","status":"publish","type":"page","link":"https:\/\/www.mediatoon-foreignrights.com\/fr\/plan-du-site\/","title":{"rendered":"Plan du site"},"content":{"rendered":"<div id=\"sitemap-list\">\n<ul class=\"wsp-pages-list\">\n<li class=\"page_item page-item-257\"><a href=\"https:\/\/www.mediatoon-foreignrights.com\/fr\/\" rel=\"nofollow\">BD, romans graphiques et livres illustr\u00e9s<\/a><\/li>\n<li class=\"page_item page-item-391\"><a href=\"https:\/\/www.mediatoon-foreignrights.com\/fr\/catalogue-fr\/\" rel=\"nofollow\">D\u00e9couvrez notre catalogue de BD, romans graphiques et livres illustr\u00e9s<\/a>\n<ul>\n<li class=\"page_item\"><a href=\"https:\/\/www.mediatoon-foreignrights.com\/fr\/catalogue\/bd-de-genre-fr\/\" rel=\"nofollow\">BD de genre<\/a><\/li>\n<li class=\"page_item\"><a href=\"https:\/\/www.mediatoon-foreignrights.com\/fr\/catalogue\/roman-graphique-fr\/\" rel=\"nofollow\">Roman Graphique<\/a><\/li>\n<li class=\"page_item\"><a href=\"https:\/\/www.mediatoon-foreignrights.com\/fr\/catalogue\/famille-enfants-fr\/\" rel=\"nofollow\">Famille &amp; Enfants<\/a><\/li>\n<li class=\"page_item\"><a href=\"https:\/\/www.mediatoon-foreignrights.com\/fr\/catalogue\/livres-illustres-fr\/\" rel=\"nofollow\">Livres Illustr\u00e9s<\/a><\/li>\n<\/ul>\n<\/li>\n<li class=\"page_item page-item-110480\"><a href=\"https:\/\/www.mediatoon-foreignrights.com\/fr\/news\/\" rel=\"nofollow\">Actualit\u00e9s<\/a><\/li>\n<li class=\"page_item page-item-419\"><a href=\"https:\/\/www.mediatoon-foreignrights.com\/fr\/auteurs\/\" rel=\"nofollow\">Auteurs<\/a><\/li>\n<li class=\"page_item page-item-438\"><a href=\"https:\/\/www.mediatoon-foreignrights.com\/fr\/rights-requests\/\" rel=\"nofollow\">Demandes de droits<\/a><\/li>\n<li class=\"page_item page-item-663\"><a href=\"https:\/\/www.mediatoon-foreignrights.com\/fr\/publishing-grants\/\" rel=\"nofollow\">Subventions<\/a><\/li>\n<li class=\"page_item page-item-416\"><a href=\"https:\/\/www.mediatoon-foreignrights.com\/fr\/qui-sommes-nous\/\" rel=\"nofollow\">Qui sommes-nous ?<\/a><\/li>\n<li class=\"page_item page-item-421\"><a href=\"https:\/\/www.mediatoon-foreignrights.com\/fr\/contact-us\/\" rel=\"nofollow\">Contactez-nous<\/a><\/li>\n<li class=\"page_item page-item-117163\"><a href=\"https:\/\/www.mediatoon-foreignrights.com\/fr\/conditions-utilisation-fr\/\" rel=\"nofollow\">Conditions d\u2019utilisation<\/a><\/li>\n<\/ul>\n<\/div>\n","protected":false},"excerpt":{"rendered":"<p>BD, romans graphiques et livres illustr\u00e9s D\u00e9couvrez notre catalogue de BD, romans graphiques et livres illustr\u00e9s BD de genre Roman [&hellip;]<\/p>\n","protected":false},"author":8,"featured_media":0,"parent":0,"menu_order":755,"comment_status":"closed","ping_status":"closed","template":"","meta":[],"acf":[],"_links":{"self":[{"href":"https:\/\/www.mediatoon-foreignrights.com\/fr\/wp-json\/wp\/v2\/pages\/117161"}],"collection":[{"href":"https:\/\/www.mediatoon-foreignrights.com\/fr\/wp-json\/wp\/v2\/pages"}],"about":[{"href":"https:\/\/www.mediatoon-foreignrights.com\/fr\/wp-json\/wp\/v2\/types\/page"}],"author":[{"embeddable":true,"href":"https:\/\/www.mediatoon-foreignrights.com\/fr\/wp-json\/wp\/v2\/users\/8"}],"replies":[{"embeddable":true,"href":"https:\/\/www.mediatoon-foreignrights.com\/fr\/wp-json\/wp\/v2\/comments?post=117161"}],"version-history":[{"count":6,"href":"https:\/\/www.mediatoon-foreignrights.com\/fr\/wp-json\/wp\/v2\/pages\/117161\/revisions"}],"predecessor-version":[{"id":121269,"href":"https:\/\/www.mediatoon-foreignrights.com\/fr\/wp-json\/wp\/v2\/pages\/117161\/revisions\/121269"}],"wp:attachment":[{"href":"https:\/\/www.mediatoon-foreignrights.com\/fr\/wp-json\/wp\/v2\/media?parent=117161"}],"curies":[{"name":"wp","href":"https:\/\/api.w.org\/{rel}","templated":true}]}}