{"id":421,"date":"2015-07-29T20:18:25","date_gmt":"2015-07-29T20:18:25","guid":{"rendered":"https:\/\/www.mediatoon-foreignrights.com\/?page_id=421&#038;lang=fr"},"modified":"2021-08-24T16:07:02","modified_gmt":"2021-08-24T14:07:02","slug":"contact-us","status":"publish","type":"page","link":"https:\/\/www.mediatoon-foreignrights.com\/fr\/contact-us\/","title":{"rendered":"Contactez-nous"},"content":{"rendered":"<p>[vc_row css=\u00a0\u00bb.vc_custom_1510600000078{padding-top: 0px !important;padding-bottom: 0px !important;background-image: url(https:\/\/www.mediatoon-foreignrights.com\/assets\/uploads\/2015\/07\/head_banner.png?id=110270) !important;background-position: center !important;background-repeat: no-repeat !important;background-size: cover !important;}\u00a0\u00bb][vc_column][vc_empty_space height=\u00a0\u00bb100px\u00a0\u00bb][\/vc_column][\/vc_row][vc_row css=\u00a0\u00bb.vc_custom_1510193559623{padding-top: 35px !important;padding-bottom: 35px !important;}\u00a0\u00bb][vc_column width=\u00a0\u00bb1\/6&Prime;][\/vc_column][vc_column width=\u00a0\u00bb2\/3&Prime;][vc_custom_heading text=\u00a0\u00bbUne question, un commentaire sur notre catalogue ou nos services? Contactez-nous \u00e0 l&rsquo;aide du bouton de contact ci-dessous, nous vous r\u00e9pondrons dans les plus brefs d\u00e9lais.\u00a0\u00bb font_container=\u00a0\u00bbtag:div|font_size:20px|text_align:center|color:%23595a60&Prime; use_theme_fonts=\u00a0\u00bbyes\u00a0\u00bb el_class=\u00a0\u00bbsection_title section_title_text\u00a0\u00bb][vc_empty_space height=\u00a0\u00bb20px\u00a0\u00bb][vc_single_image image=\u00a0\u00bb110241&Prime; img_size=\u00a0\u00bbfull\u00a0\u00bb alignment=\u00a0\u00bbcenter\u00a0\u00bb][\/vc_column][vc_column width=\u00a0\u00bb1\/6&Prime;][\/vc_column][\/vc_row][vc_row el_class=\u00a0\u00bbonly_desktop\u00a0\u00bb][vc_column width=\u00a0\u00bb1\/12&Prime;][\/vc_column][vc_column width=\u00a0\u00bb5\/6&Prime;][vc_row_inner][vc_column_inner el_class=\u00a0\u00bbstyle_content_gris\u00a0\u00bb width=\u00a0\u00bb1\/2&Prime;][vc_column_text]<\/p>\n<p style=\"text-align: left; font-size: 16px;\"><i class='fa fa-map-marker contact_icon'><\/i> 57 rue Gaston Tessier, 75019 Paris<\/p>\n<p style=\"text-align: left; font-size: 16px;\"><i class='fa fa-phone contact_icon'><\/i> +33 1 53 26 31 00<\/p>\n<p>[\/vc_column_text][vc_empty_space height=\u00a0\u00bb15px\u00a0\u00bb][vc_column_text]<\/p>\n<p style=\"text-align: center;\"><a class=\"primary_btn\" data-toggle=\"modal\" data-target=\"#contactModal\">Contactez-nous<\/a><\/p>\n<p>[\/vc_column_text][vc_empty_space height=\u00a0\u00bb15px\u00a0\u00bb][vc_gmaps link=\u00a0\u00bb#E-8_JTNDaWZyYW1lJTIwc3JjJTNEJTIyaHR0cHMlM0ElMkYlMkZ3d3cuZ29vZ2xlLmNvbSUyRm1hcHMlMkZlbWJlZCUzRnBiJTNEJTIxMW0xOCUyMTFtMTIlMjExbTMlMjExZDI2MjMuMDAzNzA4OTYyNDkyJTIxMmQyLjM3MzE0ODMxNTY3NTcwODclMjEzZDQ4Ljg5NjI2NjQ3OTI5MTI2JTIxMm0zJTIxMWYwJTIxMmYwJTIxM2YwJTIxM20yJTIxMWkxMDI0JTIxMmk3NjglMjE0ZjEzLjElMjEzbTMlMjExbTIlMjExczB4NDdlNjZjMmI1MWYxYjY0OSUyNTNBMHhlYTQxMWNiOTc4MmNmZTQ1JTIxMnM1NyUyQlJ1ZSUyQkdhc3RvbiUyQlRlc3NpZXIlMjUyQyUyQjc1MDE5JTJCUGFyaXMlMjE1ZTAlMjEzbTIlMjExc2ZyJTIxMnNmciUyMTR2MTUxOTM5NTE1Mjg2OCUyMiUyMHdpZHRoJTNEJTIyNjAwJTIyJTIwaGVpZ2h0JTNEJTIyNDUwJTIyJTIwZnJhbWVib3JkZXIlM0QlMjIwJTIyJTIwc3R5bGUlM0QlMjJib3JkZXIlM0EwJTIyJTIwYWxsb3dmdWxsc2NyZWVuJTNFJTNDJTJGaWZyYW1lJTNF\u00a0\u00bb size=\u00a0\u00bb300px\u00a0\u00bb][vc_column_text]<\/p>\n<p style=\"text-align: left; font-size: 16px;\">Si vous souhaitez acqu\u00e9rir des droits de publication, rendez-vous sur la page \u00ab\u00a0<a href=\"https:\/\/www.mediatoon-foreignrights.com\/fr\/rights-requests\/\/\">Demande de droits<\/a>\u00ab\u00a0.<\/p>\n<p>[\/vc_column_text][vc_single_image image=\u00a0\u00bb110435&Prime; alignment=\u00a0\u00bbcenter\u00a0\u00bb][\/vc_column_inner][vc_column_inner width=\u00a0\u00bb1\/2&Prime;][vc_column_text]<\/p>\n<div><\/div>\n<div class=\"contact_person\">Notre \u00e9quipe, dynamique et internationale, parle couramment onze langues.<\/div>\n<div class=\"contact_service\">Directrice des droits et du projet Europe Comics<\/div>\n<div class=\"contact_person\">Sophie Castille<\/div>\n<div class=\"contact_service\">Responsable commerciale Dargaud, Lucky Luke, Urban<\/div>\n<div class=\"contact_person\">Emilie V\u00e9dis<\/div>\n<div class=\"contact_service\">Responsable commerciale Dargaud, Lucky Luke, Urban<\/div>\n<div class=\"contact_person\">L\u00e6titia G\u00e9ly<\/div>\n<div class=\"contact_service\">Responsable commerciale Le Lombard<\/div>\n<div class=\"contact_person\">Constance Malbois<\/div>\n<div class=\"contact_service\">Responsable commercial Dupuis<\/div>\n<div class=\"contact_person\">Anton Heully<\/div>\n<div class=\"contact_service\">Responsable commerciale Ankama, Kana, Blake &amp; Mortimer<\/div>\n<div class=\"contact_person\">Eva Rowenczyn<\/div>\n<div>Responsable commerciale La Goutti\u00e8re, Petit \u00e0 Petit &amp; Little Urban<\/div>\n<div>Alice Rocca<\/div>\n<div>\n<div>Responsable commerciale La Goutti\u00e8re, Petit \u00e0 Petit &amp; Little Urban<\/div>\n<div>Sophie Froger<\/div>\n<div><\/div>\n<\/div>\n<div class=\"contact_service\">Responsable \u00e9ditoriale et marketing Europe Comics<\/div>\n<div class=\"contact_person\">Nazeli Kyuregyan<\/div>\n<div class=\"contact_service\">Community Manager Europe Comics<\/div>\n<div class=\"contact_person\">Kayan\u00e9 Antreassian<\/div>\n<div>\n<div class=\"contact_service\">Responsable production Europe Comics<\/div>\n<div class=\"contact_person\">Jill McCoy<\/div>\n<div class=\"contact_service\">Responsable production Europe Comics<\/div>\n<div class=\"contact_person\">Christopher Bradley<\/div>\n<\/div>\n<p>[\/vc_column_text][\/vc_column_inner][\/vc_row_inner][\/vc_column][vc_column width=\u00a0\u00bb1\/12&Prime;][\/vc_column][\/vc_row][vc_row el_class=\u00a0\u00bbonly_tablet only_mobile\u00a0\u00bb][vc_column][vc_row_inner][vc_column_inner el_class=\u00a0\u00bbstyle_content_gris\u00a0\u00bb width=\u00a0\u00bb1\/2&Prime;][vc_gmaps link=\u00a0\u00bb#E-8_JTNDaWZyYW1lJTIwc3JjJTNEJTIyaHR0cHMlM0ElMkYlMkZ3d3cuZ29vZ2xlLmNvbSUyRm1hcHMlMkZlbWJlZCUzRnBiJTNEJTIxMW0xOCUyMTFtMTIlMjExbTMlMjExZDI2MjMuMDAzNzA4OTYyNDkyJTIxMmQyLjM3MzE0ODMxNTY3NTcwODclMjEzZDQ4Ljg5NjI2NjQ3OTI5MTI2JTIxMm0zJTIxMWYwJTIxMmYwJTIxM2YwJTIxM20yJTIxMWkxMDI0JTIxMmk3NjglMjE0ZjEzLjElMjEzbTMlMjExbTIlMjExczB4NDdlNjZjMmI1MWYxYjY0OSUyNTNBMHhlYTQxMWNiOTc4MmNmZTQ1JTIxMnM1NyUyQlJ1ZSUyQkdhc3RvbiUyQlRlc3NpZXIlMjUyQyUyQjc1MDE5JTJCUGFyaXMlMjE1ZTAlMjEzbTIlMjExc2ZyJTIxMnNmciUyMTR2MTUxOTM5NTE1Mjg2OCUyMiUyMHdpZHRoJTNEJTIyNjAwJTIyJTIwaGVpZ2h0JTNEJTIyNDUwJTIyJTIwZnJhbWVib3JkZXIlM0QlMjIwJTIyJTIwc3R5bGUlM0QlMjJib3JkZXIlM0EwJTIyJTIwYWxsb3dmdWxsc2NyZWVuJTNFJTNDJTJGaWZyYW1lJTNF\u00a0\u00bb][\/vc_column_inner][vc_column_inner el_class=\u00a0\u00bbstyle_content_gris\u00a0\u00bb width=\u00a0\u00bb1\/2&Prime;][vc_single_image image=\u00a0\u00bb110241&Prime; img_size=\u00a0\u00bbfull\u00a0\u00bb alignment=\u00a0\u00bbcenter\u00a0\u00bb][vc_column_text]<\/p>\n<p style=\"text-align: left; font-size: 16px;\"><i class='fa fa-map-marker contact_icon'><\/i> 15 &#8211; 27 rue Moussorgski, 75018 Paris<\/p>\n<p style=\"text-align: left; font-size: 16px;\"><i class='fa fa-phone contact_icon'><\/i> +33 1 5326 3100<\/p>\n<p>[\/vc_column_text][vc_column_text]<\/p>\n<p style=\"text-align: left; font-size: 16px;\">Pour toute demande de droits, rendez-vous sur la page \u00ab\u00a0<a href=\"https:\/\/www.mediatoon-foreignrights.com\/fr\/rights-requests\/\">demande de droits<\/a>\u00a0\u00bb page<\/p>\n<p>[\/vc_column_text][\/vc_column_inner][\/vc_row_inner][vc_row_inner][vc_column_inner][vc_column_text]<\/p>\n<div class=\"contact_person\" style=\"text-align: center;\">Notre \u00e9quipe, dynamique et internationale, parle couramment onze langues.<\/div>\n<div class=\"contact_service\" style=\"text-align: center;\">Directrice des droits et du projet Europe Comics<\/div>\n<div class=\"contact_person\" style=\"text-align: center;\">Sophie Castille<\/div>\n<div class=\"contact_service\" style=\"text-align: center;\">Responsable commerciale Dargaud, Kana &amp; Les Deux-Royaumes<\/div>\n<div class=\"contact_person\" style=\"text-align: center;\">Emilie V\u00e9dis<\/div>\n<div class=\"contact_service\" style=\"text-align: center;\">Responsable commerciale Le Lombard<\/div>\n<div class=\"contact_person\" style=\"text-align: center;\">Eileen Bersani<\/div>\n<div class=\"contact_service\" style=\"text-align: center;\">Responsable commercial Dupuis<\/div>\n<div class=\"contact_person\" style=\"text-align: center;\">Anton Heully<\/div>\n<div class=\"contact_person\" style=\"text-align: center;\"><\/div>\n<div class=\"contact_service\" style=\"text-align: center;\">Responsable commerciale Ankama<\/div>\n<div class=\"contact_person\" style=\"text-align: center;\">Eva Rowenczyn<\/div>\n<div class=\"contact_service\" style=\"text-align: center;\">Responsable commerciale Am\u00e9rique Latine \/ Chef de projets Web &amp; traduction<\/div>\n<div class=\"contact_person\" style=\"text-align: center;\">Oph\u00e9lia B\u00e9nard<\/div>\n<div class=\"contact_service\" style=\"text-align: center;\">Assistante droits \u00e9trangers<\/div>\n<div class=\"contact_person\" style=\"text-align: center;\">Anne Dufour<\/div>\n<div class=\"contact_service\" style=\"text-align: center;\">Responsable \u00e9ditoriale et marketing Europe Comics<\/div>\n<div class=\"contact_person\" style=\"text-align: center;\">Nazeli Kyuregyan<\/div>\n<div class=\"contact_service\" style=\"text-align: center;\">Assistant Europe Comics<\/div>\n<div class=\"contact_person\" style=\"text-align: center;\">Christopher Bradley<\/div>\n<div class=\"contact_service\" style=\"text-align: center;\">Assistante \u00e9ditoriale &amp; traduction<\/div>\n<div class=\"contact_person\" style=\"text-align: center;\">Jill McCoy<\/div>\n<div style=\"text-align: center;\"><\/div>\n<p>[\/vc_column_text][vc_empty_space height=\u00a0\u00bb30px\u00a0\u00bb][vc_column_text]<\/p>\n<p style=\"text-align: center;\"><a class=\"primary_btn\" style=\"width: 230px; display: inline-block;\" data-toggle=\"modal\" data-target=\"#contactModal\">Contactez-nous<\/a><\/p>\n<p>[\/vc_column_text][vc_empty_space height=\u00a0\u00bb30px\u00a0\u00bb][vc_single_image image=\u00a0\u00bb110240&Prime; img_size=\u00a0\u00bbfull\u00a0\u00bb alignment=\u00a0\u00bbcenter\u00a0\u00bb][\/vc_column_inner][\/vc_row_inner][\/vc_column][\/vc_row]<\/p>\n","protected":false},"excerpt":{"rendered":"<p>[vc_row css=\u00a0\u00bb.vc_custom_1510600000078{padding-top: 0px !important;padding-bottom: 0px !important;background-image: url(https:\/\/www.mediatoon-foreignrights.com\/assets\/uploads\/2015\/07\/head_banner.png?id=110270) !important;background-position: center !important;background-repeat: no-repeat !important;background-size: cover !important;}\u00a0\u00bb][vc_column][vc_empty_space height=\u00a0\u00bb100px\u00a0\u00bb][\/vc_column][\/vc_row][vc_row css=\u00a0\u00bb.vc_custom_1510193559623{padding-top: 35px !important;padding-bottom: 35px !important;}\u00a0\u00bb][vc_column [&hellip;]<\/p>\n","protected":false},"author":8,"featured_media":0,"parent":0,"menu_order":768,"comment_status":"closed","ping_status":"closed","template":"","meta":[],"acf":[],"_links":{"self":[{"href":"https:\/\/www.mediatoon-foreignrights.com\/fr\/wp-json\/wp\/v2\/pages\/421"}],"collection":[{"href":"https:\/\/www.mediatoon-foreignrights.com\/fr\/wp-json\/wp\/v2\/pages"}],"about":[{"href":"https:\/\/www.mediatoon-foreignrights.com\/fr\/wp-json\/wp\/v2\/types\/page"}],"author":[{"embeddable":true,"href":"https:\/\/www.mediatoon-foreignrights.com\/fr\/wp-json\/wp\/v2\/users\/8"}],"replies":[{"embeddable":true,"href":"https:\/\/www.mediatoon-foreignrights.com\/fr\/wp-json\/wp\/v2\/comments?post=421"}],"version-history":[{"count":42,"href":"https:\/\/www.mediatoon-foreignrights.com\/fr\/wp-json\/wp\/v2\/pages\/421\/revisions"}],"predecessor-version":[{"id":191359,"href":"https:\/\/www.mediatoon-foreignrights.com\/fr\/wp-json\/wp\/v2\/pages\/421\/revisions\/191359"}],"wp:attachment":[{"href":"https:\/\/www.mediatoon-foreignrights.com\/fr\/wp-json\/wp\/v2\/media?parent=421"}],"curies":[{"name":"wp","href":"https:\/\/api.w.org\/{rel}","templated":true}]}}